{"id":726,"date":"2018-06-28T16:29:45","date_gmt":"2018-06-28T19:29:45","guid":{"rendered":"https:\/\/isfd77-bue.infd.edu.ar\/sitio\/profesorado-en-educacion-especial\/"},"modified":"2019-02-05T21:00:26","modified_gmt":"2019-02-06T00:00:26","slug":"profesorado-en-educacion-especial","status":"publish","type":"page","link":"https:\/\/isfd77-bue.infd.edu.ar\/sitio\/profesorado-en-educacion-especial\/","title":{"rendered":"Profesorado en Educaci\u00f3n Especial"},"content":{"rendered":"<p><span style=\"color: #cc6600; font-family: georgia, palatino;\"><strong>\u00a0<\/strong><\/span><\/p>\n<p><span style=\"font-size: 10pt; font-family: georgia, palatino;\">El Profesorado en Educaci\u00f3n Especial tiene como objetivo principal formar docentes\u00a0 competentes, con s\u00f3lidos conocimientos pedag\u00f3gicos,\u00a0atentos a los cambios y transformaciones propios de nuestra\u00a0tarea cotidiana y comprometidos con la realidad sociocultural de nuestro pa\u00eds, con un perfil abierto a las necesidades de los otros en el mundo que nos toca transitar.<\/span><\/p>\n<p style=\"margin-right: 20px;\"><span style=\"font-size: 10pt; font-family: georgia, palatino;\">Nos preocupa una formaci\u00f3n integral e integrada que se cristaliza a partir de un eje vertebrador:\u00a0<\/span><\/p>\n<ul>\n<li>\n<p style=\"margin-right: 20px;\"><span style=\"font-size: 10pt; font-family: georgia, palatino;\">la formaci\u00f3n pedag\u00f3gica que involucra la preparaci\u00f3n en la actividad de la ense\u00f1anza a trav\u00e9s del abordaje de las diferentes metodolog\u00edas que conforman el quehacer \u00e1ulico<\/span><\/p>\n<\/li>\n<\/ul>\n<p style=\"margin-right: 20px;\"><span style=\"font-size: 10pt; font-family: georgia, palatino;\">En nuestro escenario de acci\u00f3n cada uno de nuestros alumnos son los protagonistas de este trabajo en equipo que llevamos a cabo junto con los\u00a0docentes, y en el cual tenemos como meta en com\u00fan la adquisici\u00f3n de las competencias necesarias para desarrollar con responsabilidad y eficiencia nuestra tarea.<\/span><\/p>\n<p style=\"margin-right: 20px;\"><span style=\"font-size: 10pt; font-family: georgia, palatino;\">Por esta finalidad es que construimos espacios de participaci\u00f3n en los que desarrollamos Proyectos Interdisciplinarios\u00a0con otras \u00c1reas y Carreras, Proyectos Comunitarios que permitan a nuestros estudiantes conocer y trabajar en\u00a0 instituciones con distintas realidades socioecon\u00f3micas brindando lo que saben hacer al servicio del que m\u00e1s lo necesita.<\/span><\/p>\n","protected":false},"excerpt":{"rendered":"<p>\u00a0 El Profesorado en Educaci\u00f3n Especial tiene como objetivo principal formar docentes\u00a0 competentes, con s\u00f3lidos conocimientos pedag\u00f3gicos,\u00a0atentos a los cambios y transformaciones propios de nuestra\u00a0tarea cotidiana y comprometidos con la realidad sociocultural de nuestro pa\u00eds, con un perfil abierto a las necesidades de los otros en el mundo que nos toca transitar. Nos preocupa una &#8230; <a title=\"Profesorado en Educaci\u00f3n Especial\" class=\"read-more\" href=\"https:\/\/isfd77-bue.infd.edu.ar\/sitio\/profesorado-en-educacion-especial\/\" aria-label=\"More on Profesorado en Educaci\u00f3n Especial\">[+]<\/a><\/p>\n","protected":false},"author":1201,"featured_media":0,"parent":0,"menu_order":0,"comment_status":"closed","ping_status":"closed","template":"","meta":[],"acf":[],"_links":{"self":[{"href":"https:\/\/isfd77-bue.infd.edu.ar\/sitio\/wp-json\/wp\/v2\/pages\/726"}],"collection":[{"href":"https:\/\/isfd77-bue.infd.edu.ar\/sitio\/wp-json\/wp\/v2\/pages"}],"about":[{"href":"https:\/\/isfd77-bue.infd.edu.ar\/sitio\/wp-json\/wp\/v2\/types\/page"}],"author":[{"embeddable":true,"href":"https:\/\/isfd77-bue.infd.edu.ar\/sitio\/wp-json\/wp\/v2\/users\/1201"}],"replies":[{"embeddable":true,"href":"https:\/\/isfd77-bue.infd.edu.ar\/sitio\/wp-json\/wp\/v2\/comments?post=726"}],"version-history":[{"count":1,"href":"https:\/\/isfd77-bue.infd.edu.ar\/sitio\/wp-json\/wp\/v2\/pages\/726\/revisions"}],"predecessor-version":[{"id":873,"href":"https:\/\/isfd77-bue.infd.edu.ar\/sitio\/wp-json\/wp\/v2\/pages\/726\/revisions\/873"}],"wp:attachment":[{"href":"https:\/\/isfd77-bue.infd.edu.ar\/sitio\/wp-json\/wp\/v2\/media?parent=726"}],"curies":[{"name":"wp","href":"https:\/\/api.w.org\/{rel}","templated":true}]}}