{"id":732,"date":"2018-06-28T16:29:47","date_gmt":"2018-06-28T19:29:47","guid":{"rendered":"https:\/\/isfd77-bue.infd.edu.ar\/sitio\/informacion-para-alumnos\/"},"modified":"2019-02-05T21:19:17","modified_gmt":"2019-02-06T00:19:17","slug":"informacion-para-alumnos","status":"publish","type":"page","link":"https:\/\/isfd77-bue.infd.edu.ar\/sitio\/datos-institucionales\/informacion-para-alumnos\/","title":{"rendered":"Informaci\u00f3n para alumnos"},"content":{"rendered":"<div>\n<h4 style=\"text-align: right;\"><strong><span style=\"font-family: 'book antiqua', palatino; font-size: 12pt;\">Direcci\u00f3n General de Cultura y Educaci\u00f3n<\/span><\/strong><\/h4>\n<h4 style=\"text-align: right;\"><strong><span style=\"font-family: 'book antiqua', palatino; font-size: 12pt;\">Direcci\u00f3n de Educaci\u00f3n Superior<\/span><\/strong><\/h4>\n<h4 style=\"text-align: right;\"><strong><span style=\"font-family: 'book antiqua', palatino; font-size: 12pt;\">Instituto Superior de Formaci\u00f3n Docente y T\u00e9cnica \u00a0N\u00b0 77. \u00a0Vte L\u00f3pez\u00a0<\/span><\/strong><\/h4>\n<p><strong><span style=\"font-family: 'book antiqua', palatino; font-size: 10pt;\">La siguiente informaci\u00f3n \u00a0tiene por objeto orientar al estudiante en los aspectos administrativos inherentes a su condici\u00f3n de estudiante. Este Instituto forma parte del conjunto de Institutos Superiores de la Provincia de Buenos Aires. Todos ellos dependen de la Direcci\u00f3n de Educaci\u00f3n Superior que es parte de la Direcci\u00f3n Gral. de Cultura y Educaci\u00f3n\u00a0<\/span><\/strong><\/p>\n<p><strong><span style=\"font-family: 'book antiqua', palatino;\">INFORMACI\u00d3N Y ORIENTACI\u00d3N PARA EL ESTUDIANTE DE NIVEL SUPERIOR<\/span><\/strong><\/p>\n<p>&nbsp;<\/p>\n<p><span style=\"font-family: 'book antiqua', palatino;\"><strong>Documentaci\u00f3n solicitada al momento de la inscripci\u00f3n<\/strong>:<\/span><\/p>\n<ul>\n<li><span style=\"font-family: 'book antiqua', palatino;\">2 fotos\u00a0<\/span><\/li>\n<li><span style=\"font-family: 'book antiqua', palatino;\">Fotocopia del DNI<\/span><\/li>\n<li><span style=\"font-family: 'book antiqua', palatino;\">Fotocopia Certificado de estudios secundarios completos \u00a0registrado en la Provincia de Buenos Aires.(Para el registro del t\u00edtulo se debe concurrir al Consejo Escolar correspondiente al domicilio que figura en el DNI llevando el original del t\u00edtulo y el DNI. Si el ingresante viviera en Capital o en otra jurisdicci\u00f3n el tr\u00e1mite se hace en la Casa de la Provincia de Buenos Aires sita en Callao y Sarmiento).<\/span><\/li>\n<li><span style=\"font-family: 'book antiqua', palatino;\">Si al momento de la inscripci\u00f3n present\u00f3 una constancia de t\u00edtulo en tr\u00e1mite se recuerda que la misma tiene una validez de 60 d\u00edas.Es responsabilidad del ingresante presentar su t\u00edtulo secundario \u00a0 antes del 30\/06 .<\/span><\/li>\n<li>Constancia de inscripci\u00f3n en el portal abc.gob.ar (El portal se abre desde el 3\/3\/2018 hasta el 15\/2\/2019. El aspirante debe contar con un correo electr\u00f3nico)<\/li>\n<\/ul>\n<p><strong><span style=\"font-family: 'book antiqua', palatino;\">\u00bfCu\u00e1les son los requisitos de asistencia y puntualidad que se deben cumplir para acreditar una materia?<\/span><\/strong><\/p>\n<p><span style=\"font-family: 'book antiqua', palatino;\">Para todas las Materias la asistencia no debe ser inferior al 60 % de las clases impartidas durante el a\u00f1o lectivo. El no cumplimiento de este requisito puede llevar a la p\u00e9rdida de la condici\u00f3n de estudiante regular, es decir que la materia se debe volver a cursar.<\/span><\/p>\n<p><span style=\"font-family: 'book antiqua', palatino;\">Si el estudiante presenta en t\u00e9rmino (dentro de las 72 hs. posteriores a su alta) los certificados correspondientes al preceptor, el Equipo Directivo podr\u00eda aumentar \u00a0un 10 % \u00a0de inasistencias.<\/span><\/p>\n<p><span style=\"font-family: 'book antiqua', palatino;\">El c\u00f3mputo de asistencia se toma para cada Materia y por m\u00f3dulo de clase; es decir un\/a estudiante puede ser regular en un espacio\/campo y perder la regularidad en otro. Por ejemplo: si una materia tiene 2 m\u00f3dulos de clase, tendr\u00e1 un AUSENTE por cada m\u00f3dulo. Es decir que los AUSENTES \u00a0se registran por m\u00f3dulo y no por d\u00eda.<\/span><\/p>\n<p><span style=\"font-family: 'book antiqua', palatino;\">Las situaciones extremas de salud que imposibiliten la asistencia de un\/a estudiante durante un lapso prolongado ser\u00e1n analizadas a solicitud del interesado por nota escrita elevada a la Direcci\u00f3n quien se expedir\u00e1 acerca del mantenimiento o no, del car\u00e1cter de estudiante regular.<\/span><\/p>\n<p><span style=\"font-family: 'book antiqua', palatino;\">Como se trata de un Nivel Terciario se sobreentiende que cada uno se har\u00e1 responsable de su puntualidad y asistencia teniendo libertad de optar por ausencia y presencia de acuerdo a su propio criterio y habiendo tomado conocimiento de lo que su decisi\u00f3n implica.<\/span><\/p>\n<p>&nbsp;<\/p>\n<p><strong><span style=\"font-family: 'book antiqua', palatino;\">\u00bfCu\u00e1l es la importancia de la Libreta de Estudiante?\u00a0<\/span><\/strong><\/p>\n<p><span style=\"font-family: 'book antiqua', palatino;\">Al iniciar la carrera, el estudiante solicitar\u00e1 su libreta que lo acredita como estudiante del Instituto siendo un documento muy importante para su propio control; poder ingresar a las sedes en el contra turno; para consultar la biblioteca, etc.<\/span><\/p>\n<p><span style=\"font-family: 'book antiqua', palatino;\">El estudiante completar\u00e1 la misma con sus datos de filiaci\u00f3n: nombre-apellido-direcci\u00f3n-DNI-firma-foto y N\u00ba de registro de t\u00edtulo, que ser\u00e1 sellada y firmada por una autoridad, antes de la primera acreditaci\u00f3n parcial. La libreta es firmada por la Direcci\u00f3n siempre y cuando el alumno haya cumplimentado la entrega de toda la documentaci\u00f3n solicitada al momento de la inscripci\u00f3n.<\/span><\/p>\n<p><span style=\"font-family: 'book antiqua', palatino;\">Deber\u00e1 presentarla para todas las evaluaciones ya que quedar\u00e1n asentadas en ella todas las calificaciones u observaciones realizadas al estudiante con firma del profesor correspondiente. Tiene valor de documento para el estudiante.<\/span><\/p>\n<p><span style=\"font-family: 'book antiqua', palatino;\">Tambi\u00e9n se asentar\u00e1 en ella las equivalencias obtenidas. En caso de extrav\u00edo el estudiante tramitar\u00e1 en preceptor\u00eda un duplicado de la misma.<\/span><\/p>\n<p><span style=\"font-family: 'book antiqua', palatino;\">En los asuntos de \u00edndole administrativo el estudiante seguir\u00e1 con el siguiente orden de instancias:en primer momento a\u00a0su preceptor, \u00a0si por alg\u00fan motivo \u00e9ste no puede resolver su problema deber\u00e1 dirigirse a \u00a0\u00a0Secretar\u00eda, teniendo como \u00faltima instancia la Direcci\u00f3n.\u00a0<\/span><\/p>\n<p><span style=\"font-family: 'book antiqua', palatino;\">Adem\u00e1s, la libreta acredita la pertenencia al instituto en otras instituciones y sirve para presentarse como estudiante en eventos, congresos, ferias, espect\u00e1culos etc. en los cuales se puede obtener accesos gratuito o importantes descuentos.\u00a0<\/span><\/p>\n<p><strong><span style=\"font-family: 'book antiqua', palatino;\">\u00bfC\u00f3mo se gestionan constancias y certificados?\u00a0<\/span><\/strong><\/p>\n<p><span style=\"font-family: 'book antiqua', palatino;\">Todo tipo de constancias se solicita en preceptor\u00eda con 24 hs. de anticipaci\u00f3n, excepto las constancias para \u00a0evaluaciones parciales o finales. Estas deber\u00e1n ser completadas por el estudiante, firmadas por el profesor y entregadas al preceptor para ser sellada y firmada por la autoridad.<\/span><\/p>\n<p><span style=\"font-family: 'book antiqua', palatino;\">Cuando el Estudiante finaliza su carrera solicitar\u00e1:<\/span><\/p>\n<ol>\n<li><span style=\"font-family: 'book antiqua', palatino;\">Una constancia de t\u00edtulo en tr\u00e1mite. Dicha constancia tiene una validez de 60 d\u00edas. Pasado ese plazo deber\u00e1 renovarse hasta que obtenga el t\u00edtulo original correspondiente que se tramita por las autoridades del Instituto exclusivamente quienes elevan a las autoridades de la Direcci\u00f3n General de Escuelas de La Plata.\u00a0<\/span><\/li>\n<li><span style=\"font-family: 'book antiqua', palatino;\">cumplimentar el formulario correspondiente pidiendo el inicio de la tramitaci\u00f3n de su t\u00edtulo.\u00a0<\/span><\/li>\n<\/ol>\n<p><span style=\"font-family: 'book antiqua', palatino;\">De producirse alg\u00fan cambio de domicilio o tel\u00e9fono, el estudiante deber\u00e1 comunicarlo al preceptor.<\/span><\/p>\n<p>&nbsp;<\/p>\n<p><strong><span style=\"font-family: 'book antiqua', palatino;\">\u00bfC\u00f3mo se solicitan equivalencias?<\/span><\/strong><\/p>\n<p><span style=\"font-family: 'book antiqua', palatino;\">\u00a0Un estudiante podr\u00e1 pedir equivalencias de una determinada materia cuando hubiera aprobado estudios de contenidos similares o equivalentes, realizados en:<\/span><\/p>\n<p><span style=\"font-family: 'book antiqua', palatino;\">\u2022el mismo Instituto\u00a0<\/span><\/p>\n<p><span style=\"font-family: 'book antiqua', palatino;\">\u2022en otra Instituci\u00f3n de Nivel Superior oficial o privada debidamente reconocida. (Art. 109 de reglamento).\u00a0<\/span><\/p>\n<p><span style=\"font-family: 'book antiqua', palatino;\">\u00a0<\/span><\/p>\n<p><span style=\"font-family: 'book antiqua', palatino;\">Cronograma tentativo:\u00a0<\/span><\/p>\n<p><span style=\"font-family: 'book antiqua', palatino;\">\u2022 Desde\u00a0 diciembre del a\u00f1o anterior hasta el 30\/03 del a\u00f1o en curso.\u00a0 Se presentan en preceptor\u00eda con los programas y el anal\u00edtico parcial debidamente foliados y autenticados. NO SE TRAMITAN EQUIVALENCIAS FUERA DE ESE PER\u00cdODO<\/span><\/p>\n<p><span style=\"font-family: 'book antiqua', palatino;\">\u2022 Antes del 1\/5, la autoridad informar\u00e1 al estudiante de la aprobaci\u00f3n o no de la equivalencia.\u00a0<\/span><\/p>\n<p><span style=\"font-family: 'book antiqua', palatino;\">El otorgamiento de la equivalencia puede ser de car\u00e1cter total o parcial, en este \u00faltimo caso el docente determinar\u00e1 e informar\u00e1 la modalidad de complementaci\u00f3n de aprendizajes y la fecha de complementaci\u00f3n de los mismos<\/span><\/p>\n<p><span style=\"font-family: 'book antiqua', palatino;\">Hasta tanto no se notifique de la obtenci\u00f3n de la equivalencia el alumno est\u00e1 obligado a continuar asistiendo a las clases de la materia. En fecha a confirmar antes del inicio de la tramitaci\u00f3n se realizar\u00e1 una reuni\u00f3n explicativa para todos los interesados.\u00a0<\/span><\/p>\n<p>&nbsp;<\/p>\n<p><strong><span style=\"font-family: 'book antiqua', palatino;\">\u00bfD\u00f3nde y c\u00f3mo funciona la biblioteca del instituto?\u00a0<\/span><\/strong><\/p>\n<p><span style=\"font-family: 'book antiqua', palatino;\">Funciona en las dos sedes:\u00a0<\/span><\/p>\n<p><span style=\"font-family: 'book antiqua', palatino;\">\u2022Francia 3536\u00a0<\/span><\/p>\n<p><span style=\"font-family: 'book antiqua', palatino;\">\u2022Armenia 2449\u00a0<\/span><\/p>\n<p><span style=\"font-family: 'book antiqua', palatino;\">El uso de la misma constituye un derecho inalienable del estudiantado, pero el derecho implica obligaciones.\u00a0<\/span><\/p>\n<p><span style=\"font-family: 'book antiqua', palatino;\">Dado que el patrimonio de libros es de la Cooperadora ya que es la entidad que ha adquirido los mismos con el aporte de sus socios, los pr\u00e9stamos ser\u00e1n por 3 d\u00edas contra entrega de libreta del estudiante y constancia de ser socio de la cooperadora.<\/span><\/p>\n<p><span style=\"font-family: 'book antiqua', palatino;\">Existe un Reglamento de la biblioteca que puede ser consultado all\u00ed para su conocimiento.<\/span><\/p>\n<p><span style=\"font-family: 'book antiqua', palatino;\">En la biblioteca se facilitan los programas de asignatura para los casos de solicitud de equivalencias. Dichos programas ser\u00e1n fotocopiados y el lapso para su devoluci\u00f3n no ser\u00e1 mayor de dos horas.\u00a0<\/span><\/p>\n<p>&nbsp;<\/p>\n<p><strong><span style=\"font-family: 'book antiqua', palatino;\">\u00bfD\u00f3nde y c\u00f3mo funcionan las salas de inform\u00e1tica de uso libre del instituto?<\/span><\/strong><\/p>\n<p>&nbsp;<\/p>\n<p><span style=\"font-family: 'book antiqua', palatino;\">Funcionan en las dos sedes :\u00a0<\/span><\/p>\n<p><span style=\"font-family: 'book antiqua', palatino;\">\u2022Francia 3536\u00a0<\/span><\/p>\n<p><span style=\"font-family: 'book antiqua', palatino;\">\u2022Armenia 2449\u00a0<\/span><\/p>\n<p><span style=\"font-family: 'book antiqua', palatino;\">Los estudiantes deber\u00e1n presentar su libreta de estudiantes para acceder al mismo.<\/span><\/p>\n<p><strong><span style=\"font-family: 'book antiqua', palatino;\">\u00bfA qui\u00e9n recurrir ante cualquier situaci\u00f3n que requiera atenci\u00f3n personalizada?\u00a0<\/span><\/strong><\/p>\n<p><span style=\"font-family: 'book antiqua', palatino;\">\u2022Si es de car\u00e1cter administrativo, en primera instancia al preceptor\/a de la carrera y si trascendiera su competencia la Secretaria M\u00f3nica DeOto\u00a0<\/span><\/p>\n<p><span style=\"font-family: 'book antiqua', palatino;\">\u2022Si es de tipo pedag\u00f3gico en primera instancia dialogar con el\/los docente\/s correspondientes, si trascendiera a \u00e9stos recurrir a la Directora, Rosana Sfeir.<\/span><\/p>\n<p><span style=\"font-family: 'book antiqua', palatino;\">Importante: ante cualquier solicitud o inquietud es conveniente presentarla por escrito.<\/span><\/p>\n<p><span style=\"font-family: 'book antiqua', palatino;\">Es una muy buena forma de organizar las ideas, la informaci\u00f3n y la pronta respuesta a dichas inquietudes. \u00a0<\/span><\/p>\n<p><strong><span style=\"font-family: 'book antiqua', palatino;\">\u00bfCu\u00e1les son los mecanismos de participaci\u00f3n democr\u00e1tica en el Instituto?\u00a0<\/span><\/strong><\/p>\n<p><span style=\"font-family: 'book antiqua', palatino;\">La participaci\u00f3n democr\u00e1tica de todos los actores institucionales, es un pilar b\u00e1sico en el proyecto del Instituto, de modo que se garantizar\u00e1n todos los medios para ello.<\/span><\/p>\n<p><span style=\"font-family: 'book antiqua', palatino;\">Entre las formas de participaci\u00f3n de los alumnos se encuentran:<\/span><\/p>\n<p><span style=\"font-family: 'book antiqua', palatino;\">\u2022El Consejo Acad\u00e9mico Institucional \u00a0(CAI) La participaci\u00f3n en \u00e9l se ve fortalecida por el compromiso en la elecci\u00f3n de los representantes y en el accionar de ellos en el marco del CAI. Adem\u00e1s es una oportunidad de construcci\u00f3n democr\u00e1tica conjunta, ya que en el consejo interact\u00faan, docentes, alumnos y directivos.\u00a0<\/span><\/p>\n<p><span style=\"font-family: 'book antiqua', palatino;\">\u2022El Centro de Estudiantes. Que se construye con la participaci\u00f3n plena de los\/as estudiantes.\u00a0<\/span><\/p>\n<p><strong><span style=\"font-family: 'book antiqua', palatino;\">\u00bfC\u00f3mo se aprueba la cursada de cada espacio curricular\/materia?\u00a0<\/span><\/strong><\/p>\n<p><span style=\"font-family: 'book antiqua', palatino;\">Para aprobar la cursada, el alumno deber\u00e1:\u00a0<\/span><\/p>\n<ul>\n<li><span style=\"font-family: 'book antiqua', palatino;\">-cumplir con el 60 % de asistencia;<\/span><\/li>\n<li><span style=\"font-family: 'book antiqua', palatino;\">cumplir con dos instancias evaluativas por cuatrimestre, que ser\u00e1n acordadas con cada docente al iniciar el ciclo lectivo.\u00a0 La nota de aprobaci\u00f3n ser\u00e1 de 4 (cuatro) o m\u00e1s puntos en cada cuatrimestre;<\/span><\/li>\n<\/ul>\n<p><span style=\"font-family: 'book antiqua', palatino;\">Existir\u00e1n dos instancias de recuperaci\u00f3n de cada espacio:<\/span><\/p>\n<ul>\n<li><span style=\"font-family: 'book antiqua', palatino;\">\u00a0\u00a0La primera se tomar\u00e1 antes del receso de invierno y los estudiantes ser\u00e1n notificados de su calificaci\u00f3n antes del comienzo de las vacaciones de invierno<\/span><\/li>\n<li><span style=\"font-family: 'book antiqua', palatino;\">La segunda se tomar\u00e1 antes de la finalizaci\u00f3n del ciclo lectivo.<\/span><\/li>\n<\/ul>\n<p><span style=\"font-family: 'book antiqua', palatino;\">El alumno que tuviere desaprobado alg\u00fan cuatrimestre al 21\/11 del a\u00f1o en curso deber\u00e1 recursar el espacio curricular.<\/span><\/p>\n<p><span style=\"font-family: 'book antiqua', palatino;\">El alumno que estuviere ausente en un parcial (s\u00f3lo por razones graves, es decir fallecimiento de un familiar o por enfermedad justificada debidamente por nota y certificados m\u00e9dicos correspondientes) podr\u00e1 acceder al examen recuperatorio, conservando los alcances de la primera instancia de evaluaci\u00f3n.<\/span><\/p>\n<p><span style=\"font-family: 'book antiqua', palatino;\">El alumno que tuviere ausente en las evaluaciones de ambos cuatrimestres deber\u00e1 recursar el espacio curricular.<\/span><\/p>\n<p><span style=\"font-family: 'book antiqua', palatino;\">Quien fuere sorprendido copi\u00e1ndose en alguna instancia de evaluaci\u00f3n ser\u00e1 suspendido por un a\u00f1o en esa materia y deber\u00e1 recursar la misma.<\/span><\/p>\n<p>&nbsp;<\/p>\n<p><strong><span style=\"font-family: 'book antiqua', palatino;\">\u00bfCuanto dura la cursada de cada materia?<\/span><\/strong><\/p>\n<p><span style=\"font-family: 'book antiqua', palatino;\">Para rendir examen final, el alumno tendr\u00e1\u00a0 5 a\u00f1os a partir de la cursada de la misma.<\/span><\/p>\n<p><span style=\"font-family: 'book antiqua', palatino;\">El alumno que hubiere aprobado la cursada y tuviere pendiente la acreditaci\u00f3n podr\u00e1 cursar el espacio curricular correlativo inmediato posterior, no as\u00ed los siguientes. Sin embargo, no podr\u00e1 presentarse a la evaluaci\u00f3n final hasta tanto no acredite el espacio curricular correlativo pendiente.\u00a0<\/span><\/p>\n<p><strong><span style=\"font-family: 'book antiqua', palatino;\">\u00bfC\u00f3mo se acreditan las materias?<\/span><\/strong><\/p>\n<p><span style=\"font-family: 'book antiqua', palatino;\">Cada \u00a0materia podr\u00e1 ser acreditado por una de las siguientes formas:<\/span><\/p>\n<p><span style=\"font-family: 'book antiqua', palatino;\">\u2022Acreditaci\u00f3n con examen final: Para obtener la acreditaci\u00f3n con examen final es necesario haber aprobado la cursada, tener aprobado\/s el\/los espacio\/s curricular\/es que consten como requisito para la cursada de las correlatividades; y aprobar un examen final individual ante una comisi\u00f3n evaluadora constituida por tres profesores y presidida por el profesor del espacio curricular. Dicha comisi\u00f3n ser\u00e1 integrada, preferentemente, por profesores de la especialidad. Esta evaluaci\u00f3n final ser\u00e1 calificada por escala num\u00e9rica de 1 (uno) a 10 (diez) puntos. La nota de aprobaci\u00f3n ser\u00e1 de 4 (cuatro) o m\u00e1s puntos sin cent\u00e9simos.<\/span><\/p>\n<p><span style=\"font-family: 'book antiqua', palatino;\">\u2022Acreditaci\u00f3n sin examen final: En cada Carrera se seleccionar\u00e1n dos espacios\/materias por a\u00f1o para la acreditaci\u00f3n sin examen final. La selecci\u00f3n de estos espacios deber\u00e1 ser aprobada en reuni\u00f3n del CAI. Para la acreditaci\u00f3n de estas materias sin examen final \u00a0los estudiantes deber\u00e1n tener calificaciones de 7(siete) o m\u00e1s en cada cuatrimestre, sin opci\u00f3n a recuperatorio. Las calificaciones de los informes cuatrimestrales no son promediables a fines de promocionar la asignatura sin examen final. Cada cuatrimestre tendr\u00e1 una nota igual o superior a 7 (siete).<\/span><\/p>\n<p><span style=\"font-family: 'book antiqua', palatino;\">Los estudiantes que no alcanzaren las calificaciones estipuladas precedentemente o estuvieren ausentes en las evaluaciones pasar\u00e1n autom\u00e1ticamente al sistema de cursada con examen final.<\/span><\/p>\n<p><span style=\"font-family: 'book antiqua', palatino;\">Igual comportamiento se adoptar\u00e1 con aquellos estudiantes que habiendo alcanzado las calificaciones estipuladas no cumplieran con el r\u00e9gimen de correlatividades al finalizar la cursada.<\/span><\/p>\n<p><strong><span style=\"font-family: 'book antiqua', palatino; font-size: 10pt;\">Consideraciones especiales:<\/span><\/strong><\/p>\n<p><strong><span style=\"font-family: 'book antiqua', palatino;\">\u00bfCu\u00e1les son los llamados para rendir los finales?<\/span><\/strong><\/p>\n<p><span style=\"font-family: 'book antiqua', palatino;\">La Instituci\u00f3n organizar\u00e1 cinco\u00a0 turnos de ex\u00e1menes finales al a\u00f1o, en los meses de febrero\/marzo, mayo, \u00a0julio\/agosto y noviembre\/diciembre. El alumno podr\u00e1 presentarse a 1 (un) llamado por turno. Para poder anotarse a cualquier llamado es obligaci\u00f3n del alumno presentar la libreta de estudiante como certificaci\u00f3n que est\u00e1 en condiciones de rendir las materias solicitadas<\/span><\/p>\n<p><strong><span style=\"font-family: 'book antiqua', palatino;\">\u00bfCu\u00e1nto se paga de cooperadora? \u00bfQui\u00e9nes cobran? <\/span><\/strong><\/p>\n<p><span style=\"font-family: 'book antiqua', palatino;\">\u00a0<\/span><\/p>\n<\/div>\n","protected":false},"excerpt":{"rendered":"<p>Direcci\u00f3n General de Cultura y Educaci\u00f3n Direcci\u00f3n de Educaci\u00f3n Superior Instituto Superior de Formaci\u00f3n Docente y T\u00e9cnica \u00a0N\u00b0 77. \u00a0Vte L\u00f3pez\u00a0 La siguiente informaci\u00f3n \u00a0tiene por objeto orientar al estudiante en los aspectos administrativos inherentes a su condici\u00f3n de estudiante. Este Instituto forma parte del conjunto de Institutos Superiores de la Provincia de Buenos Aires. &#8230; <a title=\"Informaci\u00f3n para alumnos\" class=\"read-more\" href=\"https:\/\/isfd77-bue.infd.edu.ar\/sitio\/datos-institucionales\/informacion-para-alumnos\/\" aria-label=\"More on Informaci\u00f3n para alumnos\">[+]<\/a><\/p>\n","protected":false},"author":1201,"featured_media":0,"parent":745,"menu_order":0,"comment_status":"closed","ping_status":"closed","template":"","meta":[],"acf":[],"_links":{"self":[{"href":"https:\/\/isfd77-bue.infd.edu.ar\/sitio\/wp-json\/wp\/v2\/pages\/732"}],"collection":[{"href":"https:\/\/isfd77-bue.infd.edu.ar\/sitio\/wp-json\/wp\/v2\/pages"}],"about":[{"href":"https:\/\/isfd77-bue.infd.edu.ar\/sitio\/wp-json\/wp\/v2\/types\/page"}],"author":[{"embeddable":true,"href":"https:\/\/isfd77-bue.infd.edu.ar\/sitio\/wp-json\/wp\/v2\/users\/1201"}],"replies":[{"embeddable":true,"href":"https:\/\/isfd77-bue.infd.edu.ar\/sitio\/wp-json\/wp\/v2\/comments?post=732"}],"version-history":[{"count":3,"href":"https:\/\/isfd77-bue.infd.edu.ar\/sitio\/wp-json\/wp\/v2\/pages\/732\/revisions"}],"predecessor-version":[{"id":892,"href":"https:\/\/isfd77-bue.infd.edu.ar\/sitio\/wp-json\/wp\/v2\/pages\/732\/revisions\/892"}],"up":[{"embeddable":true,"href":"https:\/\/isfd77-bue.infd.edu.ar\/sitio\/wp-json\/wp\/v2\/pages\/745"}],"wp:attachment":[{"href":"https:\/\/isfd77-bue.infd.edu.ar\/sitio\/wp-json\/wp\/v2\/media?parent=732"}],"curies":[{"name":"wp","href":"https:\/\/api.w.org\/{rel}","templated":true}]}}